{"id":433,"date":"2020-07-30T12:51:51","date_gmt":"2020-07-30T10:51:51","guid":{"rendered":"https:\/\/gedip-egpil.eu\/politique-de-confidentialite\/"},"modified":"2026-03-02T12:07:08","modified_gmt":"2026-03-02T11:07:08","slug":"legal-notice","status":"publish","type":"page","link":"https:\/\/gedip-egpil.eu\/en\/legal-notice\/","title":{"rendered":"Legal Notice"},"content":{"rendered":"\n<p>\u00c9diteur du site : Groupe europ\u00e9en de droit international priv\u00e9<br>D\u00e9veloppement du site : <a href=\"https:\/\/fontana.lu\/\" target=\"_blank\" rel=\"noopener\" title=\"fontana.lu \u2013 Web and Digital Application Development Studio, custom websites and digital solutions\">fontana.lu \u2013 web development studio<\/a>\n<br>H\u00e9bergeur du site : <a href=\"https:\/\/rcarre.lu\/\" target=\"_blank\" rel=\"noreferrer noopener\">rcarre.lu<\/a><\/p>\n\n\n\n<p>Le Groupe europ\u00e9en de droit international priv\u00e9 alimente ce site en vue de promouvoir et de documenter le public sur ses activit\u00e9s.<\/p>\n\n\n\n<p>Nous nous efforcerons de corriger les erreurs qui nous seront signal\u00e9es.<\/p>\n","protected":false},"excerpt":{"rendered":"<p>\u00c9diteur du site : Groupe europ\u00e9en de droit international priv\u00e9D\u00e9veloppement du site : fontana.lu \u2013 web development studio H\u00e9bergeur du site : rcarre.lu Le Groupe europ\u00e9en de droit international priv\u00e9 alimente ce site en vue de promouvoir et de documenter le public sur ses activit\u00e9s. Nous &hellip; <\/p>\n<p><a href=\"https:\/\/gedip-egpil.eu\/en\/legal-notice\/\" class=\"more-link\"><span class=\"morelink-icon\">Read more<\/span><\/a><\/p>\n","protected":false},"author":1,"featured_media":0,"parent":0,"menu_order":0,"comment_status":"closed","ping_status":"closed","template":"","meta":{"footnotes":""},"class_list":["post-433","page","type-page","status-publish","hentry"],"_links":{"self":[{"href":"https:\/\/gedip-egpil.eu\/en\/wp-json\/wp\/v2\/pages\/433","targetHints":{"allow":["GET"]}}],"collection":[{"href":"https:\/\/gedip-egpil.eu\/en\/wp-json\/wp\/v2\/pages"}],"about":[{"href":"https:\/\/gedip-egpil.eu\/en\/wp-json\/wp\/v2\/types\/page"}],"author":[{"embeddable":true,"href":"https:\/\/gedip-egpil.eu\/en\/wp-json\/wp\/v2\/users\/1"}],"replies":[{"embeddable":true,"href":"https:\/\/gedip-egpil.eu\/en\/wp-json\/wp\/v2\/comments?post=433"}],"version-history":[{"count":3,"href":"https:\/\/gedip-egpil.eu\/en\/wp-json\/wp\/v2\/pages\/433\/revisions"}],"predecessor-version":[{"id":5451,"href":"https:\/\/gedip-egpil.eu\/en\/wp-json\/wp\/v2\/pages\/433\/revisions\/5451"}],"wp:attachment":[{"href":"https:\/\/gedip-egpil.eu\/en\/wp-json\/wp\/v2\/media?parent=433"}],"curies":[{"name":"wp","href":"https:\/\/api.w.org\/{rel}","templated":true}]}}