{"id":2,"date":"2020-07-30T12:51:51","date_gmt":"2020-07-30T10:51:51","guid":{"rendered":"https:\/\/gedip-egpil.eu?page_id=2"},"modified":"2025-10-01T08:26:05","modified_gmt":"2025-10-01T06:26:05","slug":"entree","status":"publish","type":"page","link":"https:\/\/gedip-egpil.eu\/fr\/","title":{"rendered":"Entr\u00e9e"},"content":{"rendered":"\n<p class=\"two-columns has-large-font-size\">Cr\u00e9\u00e9 en 1991, le <a href=\"https:\/\/gedip-egpil.eu\/fr\/qui-sommes-nous\/\">Groupe europ\u00e9en de droit international priv\u00e9<\/a> a pour objectif l&rsquo;\u00e9tude des interactions du&nbsp;droit international priv\u00e9 et du droit europ\u00e9en au sens large. Il constitue un lieu d&rsquo;\u00e9change d&rsquo;informations et d&rsquo;id\u00e9es dans un but scientifique et acad\u00e9mique, r\u00e9unissant un nombre restreint de coll\u00e8gues, principalement, d\u2019universit\u00e9s de divers Etats membres de l\u2019Union europ\u00e9enne. Il s\u2019est constitu\u00e9 en association de droit luxembourgeois en 2004.<\/p>\n\n\n\n<div class=\"wp-block-columns is-layout-flex wp-container-core-columns-is-layout-9d6595d7 wp-block-columns-is-layout-flex\">\n<div class=\"wp-block-column is-layout-flow wp-block-column-is-layout-flow\" style=\"flex-basis:33.33%\">\n<p class=\"has-large-font-size\">Le Groupe tient une r\u00e9union annuelle de trois jours sur invitation d\u2019un membre.<\/p>\n\n\n\n<p class=\"has-large-font-size\">Les comptes rendus des <a href=\"http:\/\/gedip-egpil.eu\/fr\/reunions\/\">r\u00e9unions <\/a>sont diffus\u00e9s, ainsi que les r\u00e9sultats des <a href=\"https:\/\/gedip-egpil.eu\/fr\/travaux\/\">travaux<\/a>.<\/p>\n<\/div>\n\n\n\n<div class=\"wp-block-column is-layout-flow wp-block-column-is-layout-flow\">\n<div class=\"wp-block-group\"><div class=\"wp-block-group__inner-container is-layout-flow wp-block-group-is-layout-flow\">\n<figure class=\"wp-block-image size-large\"><img loading=\"lazy\" decoding=\"async\" width=\"1280\" height=\"672\" src=\"https:\/\/gedip-egpil.eu\/wp-content\/uploads\/2025\/03\/2025-reunion-a-Ljubljana-1280x672.jpg\" alt=\"\" class=\"wp-image-5296\" srcset=\"https:\/\/gedip-egpil.eu\/wp-content\/uploads\/2025\/03\/2025-reunion-a-Ljubljana-1280x672.jpg 1280w, https:\/\/gedip-egpil.eu\/wp-content\/uploads\/2025\/03\/2025-reunion-a-Ljubljana-640x336.jpg 640w, https:\/\/gedip-egpil.eu\/wp-content\/uploads\/2025\/03\/2025-reunion-a-Ljubljana-768x403.jpg 768w, https:\/\/gedip-egpil.eu\/wp-content\/uploads\/2025\/03\/2025-reunion-a-Ljubljana-1536x806.jpg 1536w, https:\/\/gedip-egpil.eu\/wp-content\/uploads\/2025\/03\/2025-reunion-a-Ljubljana-2048x1075.jpg 2048w\" sizes=\"auto, (max-width: 1280px) 100vw, 1280px\" \/><figcaption class=\"wp-element-caption\">R\u00e9union septembre 2025, Universit\u00e9 de Ljubljana<\/figcaption><\/figure>\n<\/div><\/div>\n\n\n\n<p class=\"has-text-align-center\"><\/p>\n<\/div>\n<\/div>\n\n\n\n<p><\/p>\n","protected":false},"excerpt":{"rendered":"<p>Cr\u00e9\u00e9 en 1991, le Groupe europ\u00e9en de droit international priv\u00e9 a pour objectif l&rsquo;\u00e9tude des interactions du&nbsp;droit international priv\u00e9 et du droit europ\u00e9en au sens large. Il constitue un lieu d&rsquo;\u00e9change d&rsquo;informations et d&rsquo;id\u00e9es dans un but scientifique et acad\u00e9mique, r\u00e9unissant un nombre restreint de coll\u00e8gues, &hellip; <\/p>\n<p><a href=\"https:\/\/gedip-egpil.eu\/fr\/\" class=\"more-link\"><span class=\"morelink-icon\">Voir plus<\/span><\/a><\/p>\n","protected":false},"author":1,"featured_media":0,"parent":0,"menu_order":0,"comment_status":"closed","ping_status":"closed","template":"page-templates\/full-width.php","meta":{"footnotes":""},"class_list":["post-2","page","type-page","status-publish","hentry"],"_links":{"self":[{"href":"https:\/\/gedip-egpil.eu\/fr\/wp-json\/wp\/v2\/pages\/2","targetHints":{"allow":["GET"]}}],"collection":[{"href":"https:\/\/gedip-egpil.eu\/fr\/wp-json\/wp\/v2\/pages"}],"about":[{"href":"https:\/\/gedip-egpil.eu\/fr\/wp-json\/wp\/v2\/types\/page"}],"author":[{"embeddable":true,"href":"https:\/\/gedip-egpil.eu\/fr\/wp-json\/wp\/v2\/users\/1"}],"replies":[{"embeddable":true,"href":"https:\/\/gedip-egpil.eu\/fr\/wp-json\/wp\/v2\/comments?post=2"}],"version-history":[{"count":18,"href":"https:\/\/gedip-egpil.eu\/fr\/wp-json\/wp\/v2\/pages\/2\/revisions"}],"predecessor-version":[{"id":5322,"href":"https:\/\/gedip-egpil.eu\/fr\/wp-json\/wp\/v2\/pages\/2\/revisions\/5322"}],"wp:attachment":[{"href":"https:\/\/gedip-egpil.eu\/fr\/wp-json\/wp\/v2\/media?parent=2"}],"curies":[{"name":"wp","href":"https:\/\/api.w.org\/{rel}","templated":true}]}}