{"id":21,"date":"2020-08-01T20:44:36","date_gmt":"2020-08-01T18:44:36","guid":{"rendered":"https:\/\/gedip-egpil.eu?page_id=21"},"modified":"2025-10-10T11:58:41","modified_gmt":"2025-10-10T09:58:41","slug":"qui-sommes-nous","status":"publish","type":"page","link":"https:\/\/gedip-egpil.eu\/fr\/qui-sommes-nous\/","title":{"rendered":"Qui sommes nous ?"},"content":{"rendered":"\n<h2 class=\"wp-block-heading\">Pr\u00e9sident :<\/h2>\n\n\n\n<p>Etienne PATAUT (Prof. Univ. Paris 1 Panth\u00e9on-Sorbonne)<\/p>\n\n\n\n<h2 class=\"wp-block-heading\">Secr\u00e9taire g\u00e9n\u00e9ral :<\/h2>\n\n\n\n<p>Patrick KINSCH (Prof. hon., Univ. Luxembourg)<\/p>\n\n\n\n<h2 class=\"wp-block-heading\">Membres :<\/h2>\n\n\n\n<p>Stefania BARIATTI (Prof. Univ. degli Studi di Milano)<br>Andrea BONOMI (Prof. Univ. Lausanne)<br>Giuditta CORDERO-MOSS (Prof. Univ. Oslo)<br>Sabine CORNELOUP (Prof. Univ. Paris-Panth\u00e9on-Assas, conseill\u00e8re Cour de cassation)<br>Louis D\u2019AVOUT (Prof. Univ. Paris Panth\u00e9on Assas)<br>Pedro Alberto DE MIGUEL ASENSIO (Prof. Univ. Madrid)<br>St\u00e9phanie FRANCQ (Prof. Univ. Louvain)<br>Pietro FRANZINA (Prof. Universit\u00e0 cattolica di Milano)<br>Cristina GONZALEZ BEILFUSS (Prof. Univ. Barcelone)<br>Michael HELLNER (Prof. Stockholm University)<br>Stefan HUBER (Prof. Universit\u00e9 T\u00fcbingen)<br>Fabienne JAULT-SESEKE (Prof. Univ. Versailles Saint-Quentin (Paris Saclay))<br>Jerca KRAMBERGER \u0160KERL (Prof. University of Ljubljana)<br>Peter McELEAVY (Prof. Dundee Univ.)<br>Johan MEEUSEN (Prof. Univ. Antwerpen)<br>Ralf MICHAELS (Directeur Institut Max Planck)<br>Gustaf M\u00d6LLER (Ancien Juge, Supreme Court, Finland)<br>Rui PEREIRA DIAS (Prof. Univ. Coimbra)<br>Marta PERTEG\u00c1S SENDER (Prof. University of Maastricht)<br>Tam\u00e1s SZABADOS (Prof. Univ. Budapest)<br>Maciej SZPUNAR (Prof. Univ. Katowice, Avocat g\u00e9n\u00e9ral \u00e0 la Cour de justice de l&rsquo;Union europ\u00e9enne)<br>Chrysafo TSOUCA (Prof Univ. Ath\u00e8nes)<br>Karen VANDEKERCKHOVE (Chef d&rsquo;unit\u00e9 Commission europ\u00e9enne)<br>Aukje VAN HOEK (Prof. Univ. Amsterdam)<br>Francesca VILLATA (Prof. Universit\u00e0 di Milano)<br>Marc-Philippe WELLER (Prof. Univ. Heidelberg)<br><\/p>\n\n\n\n<h2 class=\"wp-block-heading\">Membres honoraires :<\/h2>\n\n\n\n<p>Michael BOGDAN (Prof. \u00e9m\u00e9rite Univ. Lund)<br>Andreas BUCHER (Prof. \u00e9m\u00e9rite Univ. Gen\u00e8ve)<br>Harry DUINTJER TEBBENS (Membre honoraire du Service juridique du Parlement europ\u00e9en)<br>Marc FALLON (Prof. \u00e9m\u00e9rite Univ. Louvain)<br>Laura FORLATI PICCHIO (Prof. \u00e9m\u00e9rite Univ. Padoue)<br>Francisco GARCIMARTIN ALFEREZ (Prof. Univ. Autonoma Madrid)<br>H\u00e9l\u00e8ne GAUDEMET-TALLON (Prof. \u00e9m\u00e9rite Univ. Paris 2 Panth\u00e9on-Assas)<br>Andrea GIARDINA (Prof. \u00e9m\u00e9rite Univ. Rome)<br>Trevor HARTLEY (Prof. \u00e9m\u00e9rite London School of Economics and Political Sciences)<br>Hans Ulrich JESSURUN D&rsquo;OLIVEIRA (Prof. \u00e9m\u00e9rite Univ. Amsterdam)<br>Catherine KESSEDJIAN (Prof. \u00e9m\u00e9rite Univ. Paris 2 Panth\u00e9on-Assas)<br>Christian KOHLER (Prof. \u00e9m\u00e9rite Univ. Saarbr\u00fccken)<br>Karl KREUZER (Prof. \u00e9m\u00e9rite Univ. W\u00fcrzburg)<br>Paul LAGARDE (Prof. \u00e9m\u00e9rite Univ. Paris 1 Panth\u00e9on-Sorbonne)<br>Rui Manuel MOURA RAMOS (Prof. \u00e9m\u00e9rite Univ. Co\u00efmbra)<br>Peter Arnt NIELSEN (Prof. Copenhagen Business School)<br>Monika PAUKNEROVA (Prof. Charles Univ. Prague)<br>Fausto POCAR (Prof. \u00e9m\u00e9rite Univ. degli Studi di Milano)<br>Gerte REICHELT (Prof. \u00e9m\u00e9rite Univ. Vienne)<br>Kurt SIEHR (Prof. \u00e9m\u00e9rite Univ. Z\u00fcrich)<br>A.V.M. STRUYCKEN (Prof. \u00e9m\u00e9rite Univ. Nijmegen)<br>Symeon SYMEONIDES (Prof. Univ. Willamette)<br>J.H.A. VAN LOON (ancien Secr\u00e9t. g\u00e9n. Conf\u00e9rence de La Haye de droit international priv\u00e9)<br>Spiros VRELLIS (Prof. \u00e9m\u00e9rite Univ. Ath\u00e8nes)<\/p>\n\n\n\n<p><\/p>\n","protected":false},"excerpt":{"rendered":"<p>Pr\u00e9sident : Etienne PATAUT (Prof. Univ. Paris 1 Panth\u00e9on-Sorbonne) Secr\u00e9taire g\u00e9n\u00e9ral : Patrick KINSCH (Prof. hon., Univ. Luxembourg) Membres : Stefania BARIATTI (Prof. Univ. degli Studi di Milano)Andrea BONOMI (Prof. Univ. Lausanne)Giuditta CORDERO-MOSS (Prof. Univ. Oslo)Sabine CORNELOUP (Prof. Univ. Paris-Panth\u00e9on-Assas, conseill\u00e8re Cour de cassation)Louis D\u2019AVOUT (Prof. &hellip; <\/p>\n<p><a href=\"https:\/\/gedip-egpil.eu\/fr\/qui-sommes-nous\/\" class=\"more-link\"><span class=\"morelink-icon\">Voir plus<\/span><\/a><\/p>\n","protected":false},"author":1,"featured_media":0,"parent":0,"menu_order":0,"comment_status":"closed","ping_status":"closed","template":"page-templates\/full-width.php","meta":{"footnotes":""},"class_list":["post-21","page","type-page","status-publish","hentry"],"_links":{"self":[{"href":"https:\/\/gedip-egpil.eu\/fr\/wp-json\/wp\/v2\/pages\/21","targetHints":{"allow":["GET"]}}],"collection":[{"href":"https:\/\/gedip-egpil.eu\/fr\/wp-json\/wp\/v2\/pages"}],"about":[{"href":"https:\/\/gedip-egpil.eu\/fr\/wp-json\/wp\/v2\/types\/page"}],"author":[{"embeddable":true,"href":"https:\/\/gedip-egpil.eu\/fr\/wp-json\/wp\/v2\/users\/1"}],"replies":[{"embeddable":true,"href":"https:\/\/gedip-egpil.eu\/fr\/wp-json\/wp\/v2\/comments?post=21"}],"version-history":[{"count":21,"href":"https:\/\/gedip-egpil.eu\/fr\/wp-json\/wp\/v2\/pages\/21\/revisions"}],"predecessor-version":[{"id":5364,"href":"https:\/\/gedip-egpil.eu\/fr\/wp-json\/wp\/v2\/pages\/21\/revisions\/5364"}],"wp:attachment":[{"href":"https:\/\/gedip-egpil.eu\/fr\/wp-json\/wp\/v2\/media?parent=21"}],"curies":[{"name":"wp","href":"https:\/\/api.w.org\/{rel}","templated":true}]}}