{"id":3,"date":"2020-07-30T12:51:51","date_gmt":"2020-07-30T10:51:51","guid":{"rendered":"https:\/\/gedip-egpil.eu?page_id=3"},"modified":"2026-03-02T12:05:15","modified_gmt":"2026-03-02T11:05:15","slug":"mentions-legales","status":"publish","type":"page","link":"https:\/\/gedip-egpil.eu\/fr\/mentions-legales\/","title":{"rendered":"Mentions l\u00e9gales"},"content":{"rendered":"\n<p>\u00c9diteur du site : Groupe europ\u00e9en de droit international priv\u00e9<br>D\u00e9veloppement du site : <a title=\"fontana.lu \u2013 studio de d\u00e9veloppement web et applications digitales, cr\u00e9ation de sites web et solutions sur mesure\" href=\"https:\/\/fontana.lu\/\" target=\"_blank\" rel=\"noopener\">fontana.lu \u2013 studio de d\u00e9veloppement web<\/a><br>H\u00e9bergeur du site : <a href=\"https:\/\/rcarre.lu\/\" target=\"_blank\" rel=\"noreferrer noopener\">rcarre.lu<\/a><\/p>\n\n\n\n<p>Le Groupe europ\u00e9en de droit international priv\u00e9 alimente ce site en vue de promouvoir et de documenter le public sur ses activit\u00e9s.<\/p>\n\n\n\n<p>Nous nous efforcerons de corriger les erreurs qui nous seront signal\u00e9es.<\/p>\n","protected":false},"excerpt":{"rendered":"<p>\u00c9diteur du site : Groupe europ\u00e9en de droit international priv\u00e9D\u00e9veloppement du site : fontana.lu \u2013 studio de d\u00e9veloppement webH\u00e9bergeur du site : rcarre.lu Le Groupe europ\u00e9en de droit international priv\u00e9 alimente ce site en vue de promouvoir et de documenter le public sur ses activit\u00e9s. Nous &hellip; <\/p>\n<p><a href=\"https:\/\/gedip-egpil.eu\/fr\/mentions-legales\/\" class=\"more-link\"><span class=\"morelink-icon\">Voir plus<\/span><\/a><\/p>\n","protected":false},"author":1,"featured_media":0,"parent":0,"menu_order":0,"comment_status":"closed","ping_status":"closed","template":"","meta":{"footnotes":""},"class_list":["post-3","page","type-page","status-publish","hentry"],"_links":{"self":[{"href":"https:\/\/gedip-egpil.eu\/fr\/wp-json\/wp\/v2\/pages\/3","targetHints":{"allow":["GET"]}}],"collection":[{"href":"https:\/\/gedip-egpil.eu\/fr\/wp-json\/wp\/v2\/pages"}],"about":[{"href":"https:\/\/gedip-egpil.eu\/fr\/wp-json\/wp\/v2\/types\/page"}],"author":[{"embeddable":true,"href":"https:\/\/gedip-egpil.eu\/fr\/wp-json\/wp\/v2\/users\/1"}],"replies":[{"embeddable":true,"href":"https:\/\/gedip-egpil.eu\/fr\/wp-json\/wp\/v2\/comments?post=3"}],"version-history":[{"count":1,"href":"https:\/\/gedip-egpil.eu\/fr\/wp-json\/wp\/v2\/pages\/3\/revisions"}],"predecessor-version":[{"id":5448,"href":"https:\/\/gedip-egpil.eu\/fr\/wp-json\/wp\/v2\/pages\/3\/revisions\/5448"}],"wp:attachment":[{"href":"https:\/\/gedip-egpil.eu\/fr\/wp-json\/wp\/v2\/media?parent=3"}],"curies":[{"name":"wp","href":"https:\/\/api.w.org\/{rel}","templated":true}]}}