{"id":42,"date":"2020-08-01T21:33:37","date_gmt":"2020-08-01T19:33:37","guid":{"rendered":"https:\/\/gedip-egpil.eu?page_id=42"},"modified":"2021-03-23T14:14:52","modified_gmt":"2021-03-23T13:14:52","slug":"travaux","status":"publish","type":"page","link":"https:\/\/gedip-egpil.eu\/fr\/travaux\/","title":{"rendered":"Travaux"},"content":{"rendered":"\n<p>Les documents publi\u00e9s \u00e0 cet endroit sont uniquement ceux portant sur des mati\u00e8res trait\u00e9es collectivement par le Groupe lors de ses r\u00e9unions annuelles. Pour acc\u00e9der \u00e0 d&rsquo;autres documents \u00a0d\u2019information pr\u00e9sent\u00e9s par des membres individuellement, notamment sur des th\u00e8mes d\u2019actualit\u00e9 (Actualit\u00e9s du droit de l\u2019Union, Conf\u00e9rence de La Haye, jurisprudence de la Cour europ\u00e9enne des droits de l\u2019homme), il convient de consulter\u00a0la page relative aux\u00a0diff\u00e9rentes\u00a0<a href=\"https:\/\/gedip-egpil.eu\/fr\/reunions\/\">r\u00e9unions<\/a>.<\/p>\n\n\n\n<p>Un acc\u00e8s aux travaux du Groupe est \u00e9galement possible au moyen du moteur de recherche de la barre des menus. Ceci permet de trouver un document \u00a0au moyen des termes pr\u00e9sents dans le texte de pr\u00e9sentation de chaque r\u00e9union.<\/p>\n","protected":false},"excerpt":{"rendered":"<p>Les documents publi\u00e9s \u00e0 cet endroit sont uniquement ceux portant sur des mati\u00e8res trait\u00e9es collectivement par le Groupe lors de ses r\u00e9unions annuelles. Pour acc\u00e9der \u00e0 d&rsquo;autres documents \u00a0d\u2019information pr\u00e9sent\u00e9s par des membres individuellement, notamment sur des th\u00e8mes d\u2019actualit\u00e9 (Actualit\u00e9s du droit de l\u2019Union, Conf\u00e9rence de &hellip; <\/p>\n<p><a href=\"https:\/\/gedip-egpil.eu\/fr\/travaux\/\" class=\"more-link\"><span class=\"morelink-icon\">Voir plus<\/span><\/a><\/p>\n","protected":false},"author":1,"featured_media":0,"parent":0,"menu_order":0,"comment_status":"closed","ping_status":"closed","template":"","meta":{"footnotes":""},"class_list":["post-42","page","type-page","status-publish","hentry"],"_links":{"self":[{"href":"https:\/\/gedip-egpil.eu\/fr\/wp-json\/wp\/v2\/pages\/42","targetHints":{"allow":["GET"]}}],"collection":[{"href":"https:\/\/gedip-egpil.eu\/fr\/wp-json\/wp\/v2\/pages"}],"about":[{"href":"https:\/\/gedip-egpil.eu\/fr\/wp-json\/wp\/v2\/types\/page"}],"author":[{"embeddable":true,"href":"https:\/\/gedip-egpil.eu\/fr\/wp-json\/wp\/v2\/users\/1"}],"replies":[{"embeddable":true,"href":"https:\/\/gedip-egpil.eu\/fr\/wp-json\/wp\/v2\/comments?post=42"}],"version-history":[{"count":4,"href":"https:\/\/gedip-egpil.eu\/fr\/wp-json\/wp\/v2\/pages\/42\/revisions"}],"predecessor-version":[{"id":2870,"href":"https:\/\/gedip-egpil.eu\/fr\/wp-json\/wp\/v2\/pages\/42\/revisions\/2870"}],"wp:attachment":[{"href":"https:\/\/gedip-egpil.eu\/fr\/wp-json\/wp\/v2\/media?parent=42"}],"curies":[{"name":"wp","href":"https:\/\/api.w.org\/{rel}","templated":true}]}}