{"id":45,"date":"2020-08-01T21:34:26","date_gmt":"2020-08-01T19:34:26","guid":{"rendered":"https:\/\/gedip-egpil.eu?page_id=45"},"modified":"2021-12-28T10:08:11","modified_gmt":"2021-12-28T09:08:11","slug":"reunions","status":"publish","type":"page","link":"https:\/\/gedip-egpil.eu\/fr\/reunions\/","title":{"rendered":"R\u00e9unions"},"content":{"rendered":"\n<p>Assembl\u00e9e g\u00e9n\u00e9rale extraordinaire du 17 d\u00e9cembre 2021 &#8211; Capture d&rsquo;\u00e9cran<\/p>\n","protected":false},"excerpt":{"rendered":"<p>Assembl\u00e9e g\u00e9n\u00e9rale extraordinaire du 17 d\u00e9cembre 2021 &#8211; Capture d&rsquo;\u00e9cran<\/p>\n","protected":false},"author":1,"featured_media":4091,"parent":0,"menu_order":0,"comment_status":"closed","ping_status":"closed","template":"","meta":{"footnotes":""},"class_list":["post-45","page","type-page","status-publish","has-post-thumbnail","hentry"],"_links":{"self":[{"href":"https:\/\/gedip-egpil.eu\/fr\/wp-json\/wp\/v2\/pages\/45","targetHints":{"allow":["GET"]}}],"collection":[{"href":"https:\/\/gedip-egpil.eu\/fr\/wp-json\/wp\/v2\/pages"}],"about":[{"href":"https:\/\/gedip-egpil.eu\/fr\/wp-json\/wp\/v2\/types\/page"}],"author":[{"embeddable":true,"href":"https:\/\/gedip-egpil.eu\/fr\/wp-json\/wp\/v2\/users\/1"}],"replies":[{"embeddable":true,"href":"https:\/\/gedip-egpil.eu\/fr\/wp-json\/wp\/v2\/comments?post=45"}],"version-history":[{"count":2,"href":"https:\/\/gedip-egpil.eu\/fr\/wp-json\/wp\/v2\/pages\/45\/revisions"}],"predecessor-version":[{"id":4100,"href":"https:\/\/gedip-egpil.eu\/fr\/wp-json\/wp\/v2\/pages\/45\/revisions\/4100"}],"wp:featuredmedia":[{"embeddable":true,"href":"https:\/\/gedip-egpil.eu\/fr\/wp-json\/wp\/v2\/media\/4091"}],"wp:attachment":[{"href":"https:\/\/gedip-egpil.eu\/fr\/wp-json\/wp\/v2\/media?parent=45"}],"curies":[{"name":"wp","href":"https:\/\/api.w.org\/{rel}","templated":true}]}}